{"id":280,"date":"2018-07-16T23:07:40","date_gmt":"2018-07-16T21:07:40","guid":{"rendered":"http:\/\/thorame-haute-pont-du-moulin.fr\/?page_id=280"},"modified":"2019-07-10T08:48:00","modified_gmt":"2019-07-10T06:48:00","slug":"construction","status":"publish","type":"page","link":"https:\/\/thorame-haute-pont-du-moulin.fr\/index.php\/construction\/","title":{"rendered":"Construction"},"content":{"rendered":"<p><strong>Construction &#8211; Description<\/strong><\/p>\n<p>Le pont d\u2019Ondres est un pont en \u2018\u2019dos d\u2019\u00e2ne\u2019\u2019 de 41 m\u00e8tres de long, pour une largeur de 2 m\u00e8tres 30. Sa hauteur varie d\u2019environ 7 m\u00e8tres \u00e0 11 m\u00e8tres par rapport au lit du Verdon.<\/p>\n<p>Il comprend deux arches in\u00e9gales en segments circulaires, de 11 et 2,5 m de rayon.<\/p>\n<p>Les arches clav\u00e9es montrent un premier lit de moyen appareil allong\u00e9 en pierre de taille avec joints minces, et un second lit plus grossier, inclus dans la ma\u00e7onnerie sup\u00e9rieure de moellons et galets assis\u00e9s. La pierre est un calcaire marneux local gris fonc\u00e9 qui prend \u00e0 l\u2019air une patine plus claire.<\/p>\n<p>L\u2019intrados de l\u2019arche principale montre des niches (4 sur chaque cot\u00e9) \u00e0 environ 2 m de sa naissance, probable appui pour le gabarit \u00a0de bois pour la construction de l\u2019arche.<\/p>\n<p>Les tympans sont en moellons et galets irr\u00e9guliers avec diff\u00e9rentes couches de pose visibles en \u00e9l\u00e9vation, t\u00e9moignage des transformations du niveau du tablier. Le tablier du pont, en gravier, montre un profil en dos d\u2019\u00e2ne classique.<\/p>\n<p>Les parapets semblent avoir \u00e9t\u00e9 plusieurs fois remani\u00e9s (reconstruits ou sur\u00e9lev\u00e9s) et ne comportent pas de couvertine, mais un simple couronnement au mortier de chaux.<\/p>\n<p>Les deux arches sont s\u00e9par\u00e9es par une pile, prot\u00e9g\u00e9e par un avant et un arri\u00e8re-becs avec, fond\u00e9e sur un rocher dans le torrent.<\/p>\n<p>Les cul\u00e9es, appuy\u00e9es sur les rochers des rives, comportaient \u00e9galement des avant et arri\u00e8re-becs, ainsi que des murs de retour avec fonction de sout\u00e8nement des terres.<\/p>\n<p>Apr\u00e8s l\u2019\u00e9croulement du mur aval-droit Sud-Ouest, on peut constater l\u2019absence de harpage des murs lat\u00e9raux dans le remblais.<\/p>\n<p>Le remplissage est constitu\u00e9 d\u2019un m\u00e9lange h\u00e9t\u00e9rog\u00e8ne de terre et de blocaille en pierre calcaire surmont\u00e9e d&rsquo;une couche d\u2019une dizaine de centim\u00e8tres de terre v\u00e9g\u00e9tale enherb\u00e9e.<\/p>\n<p>Il est tr\u00e8s compact ce qui limite la pouss\u00e9e sur les murs lat\u00e9raux.<\/p>\n<p><strong><a href=\"\/index.php\/denominations\/\" target=\"_self\">D\u00e9nominations<\/a><\/strong><br \/>\n<strong><a href=\"\/index.php\/geographie\/\" target=\"_self\">G\u00e9ographie<\/a><\/strong><br \/>\n<strong><a href=\"\/index.php\/historique\/\" target=\"_self\">Historique<\/a><\/strong><br \/>\n<strong><a href=\"\/index.php\/documents-anciens\/\" target=\"_self\">Cartes postales &#8211; Documents anciens<\/a><\/strong><br \/>\n<strong><a href=\"\/index.php\/construction\/\" target=\"_self\">Construction &#8211; Description<\/a><\/strong><br \/>\n<strong><a href=\"\/index.php\/galerie\/\" target=\"_self\">Galerie artistique<\/a><\/strong><br \/>\n<strong><a href=\"\/index.php\/photos-recentes\/\" target=\"_self\">Photos r\u00e9centes<\/a><\/strong><br \/>\n<strong><a href=\"\/index.php\/autresvues\/\" target=\"_self\">Autres vues<\/a><\/strong><br \/>\n<strong><a href=\"\/index.php\/evenements-recents\/\" target=\"_self\">\u00c9v\u00e9nements r\u00e9cents<\/a><\/strong><br \/>\n<strong><a href=\"\/index.php\/etat-actuel\/\" target=\"_self\">Etat actuel<\/a><\/strong><br \/>\n<strong><a href=\"\/index.php\/etudes-de-sauvegarde\/\" target=\"_self\">Etudes de sauvegarde<\/a><\/strong><br \/>\n<strong><a href=\"\/index.php\/references\/\" target=\"_self\">R\u00e9f\u00e9rences<\/a><\/strong><\/p>\n","protected":false},"excerpt":{"rendered":"<p>Construction &#8211; Description Le pont d\u2019Ondres est un pont en \u2018\u2019dos d\u2019\u00e2ne\u2019\u2019 de 41 m\u00e8tres de long, pour une largeur de 2 m\u00e8tres 30. Sa hauteur varie d\u2019environ 7 m\u00e8tres \u00e0 11 m\u00e8tres par rapport au lit du Verdon. Il comprend deux arches in\u00e9gales en segments circulaires, de 11 et 2,5 m de rayon. Les &hellip; <\/p>\n<p class=\"link-more\"><a href=\"https:\/\/thorame-haute-pont-du-moulin.fr\/index.php\/construction\/\" class=\"more-link\">Continuer la lecture<span class=\"screen-reader-text\"> de &laquo;&nbsp;Construction&nbsp;&raquo;<\/span><\/a><\/p>\n","protected":false},"author":1,"featured_media":0,"parent":0,"menu_order":0,"comment_status":"closed","ping_status":"closed","template":"","meta":{"footnotes":""},"_links":{"self":[{"href":"https:\/\/thorame-haute-pont-du-moulin.fr\/index.php\/wp-json\/wp\/v2\/pages\/280"}],"collection":[{"href":"https:\/\/thorame-haute-pont-du-moulin.fr\/index.php\/wp-json\/wp\/v2\/pages"}],"about":[{"href":"https:\/\/thorame-haute-pont-du-moulin.fr\/index.php\/wp-json\/wp\/v2\/types\/page"}],"author":[{"embeddable":true,"href":"https:\/\/thorame-haute-pont-du-moulin.fr\/index.php\/wp-json\/wp\/v2\/users\/1"}],"replies":[{"embeddable":true,"href":"https:\/\/thorame-haute-pont-du-moulin.fr\/index.php\/wp-json\/wp\/v2\/comments?post=280"}],"version-history":[{"count":7,"href":"https:\/\/thorame-haute-pont-du-moulin.fr\/index.php\/wp-json\/wp\/v2\/pages\/280\/revisions"}],"predecessor-version":[{"id":524,"href":"https:\/\/thorame-haute-pont-du-moulin.fr\/index.php\/wp-json\/wp\/v2\/pages\/280\/revisions\/524"}],"wp:attachment":[{"href":"https:\/\/thorame-haute-pont-du-moulin.fr\/index.php\/wp-json\/wp\/v2\/media?parent=280"}],"curies":[{"name":"wp","href":"https:\/\/api.w.org\/{rel}","templated":true}]}}