{"id":23,"date":"2017-04-08T21:34:35","date_gmt":"2017-04-08T19:34:35","guid":{"rendered":"http:\/\/thorame-haute-pont-du-moulin.fr\/?page_id=23"},"modified":"2021-07-31T22:15:07","modified_gmt":"2021-07-31T20:15:07","slug":"association","status":"publish","type":"page","link":"https:\/\/thorame-haute-pont-du-moulin.fr\/index.php\/association\/","title":{"rendered":"A propos de l&rsquo;Association"},"content":{"rendered":"<p>l\u2019Association \u00ab\u00a0Pont du Moulin de Thorame Haute\u00a0\u00bb est une Association \u00ab\u00a0loi 1901\u00a0\u00bb.<br \/>\nElle a \u00e9t\u00e9 cr\u00e9\u00e9e le 29 avril 2017 (Inscription au Journal Officiel ( 149\u00e8 ann\u00e9e \u2013 n\u00b0 17 ) \u2013 annonce n\u00b0 27 \u2013 sous le N\u00b0 RNA : W042000675)<\/p>\n<p>L\u2019assembl\u00e9e g\u00e9n\u00e9rale se tient chaque ann\u00e9e en juillet.<\/p>\n<p>L\u2019adh\u00e9sion est fix\u00e9e \u00e0 10 \u20ac par an, mais chacun peut verser davantage pour soutenir les activit\u00e9s de l\u2019association.<br \/>\n<strong><a href=\"\/index.php\/souscription\/\" target=\"_self\" rel=\"noopener noreferrer\">(Voir les informations pour une souscription.)<\/a><\/strong><\/p>\n<p>L\u2019Association est consid\u00e9r\u00e9e comme un \u00ab organisme d\u2019int\u00e9r\u00eat g\u00e9n\u00e9ral concourant \u00e0 la mise en valeur du patrimoine culturel et architectural local \u00bb.<br \/>\nElle d\u00e9livre \u00e0 ce titre des re\u00e7us fiscaux ouvrant droit \u00e0 des d\u00e9ductions d\u2019imp\u00f4t (article 200 du Code g\u00e9n\u00e9ral des imp\u00f4ts).<\/p>\n<p>Membres fondateurs\u00a0:<\/p>\n<p>M. Marc Jauniaux , Mme Josette Laurent , M. Charly Grac , Mme Sylviane Illy .<\/p>\n<p><b>Historique<\/b><\/p>\n<p>14 mars 2017 : Assembl\u00e9e constitutive de l&rsquo;Association<br \/>\nT\u00e9l\u00e9chargez ici <strong><a href=\"\/docu\/assembl\u00e9e constitutive.pdf\" target=\"_blank\" rel=\"noopener noreferrer\">le rapport de l&rsquo;assembl\u00e9e constitutive de l&rsquo;Association en PDF<\/a><\/strong>.<\/p>\n<p>12 avril 2017 : Date de T\u00e9l\u00e9 &#8211; D\u00e9claration \u00e0 la sous pr\u00e9fecture de Castellane<br \/>\nsous le num\u00e9ro A-7-8SF0CN3NT<\/p>\n<p>29 avril 2017 : Inscription au Journal Officiel ( 149\u00e8 ann\u00e9e &#8211; n\u00b0 17 ) &#8211; annonce n\u00b0 27 &#8211; sous le N\u00b0 RNA\u00a0: W042000675<br \/>\nT\u00e9l\u00e9chargez ici <strong><a href=\"\/docu\/statuts_association.pdf\" target=\"_blank\" rel=\"noopener noreferrer\">les statuts de l&rsquo;Association en PDF<\/a><\/strong>.<\/p>\n<p>14 f\u00e9vrier 2018 : premi\u00e8re lettre d&rsquo;information<br \/>\nT\u00e9l\u00e9chargez ici <strong><a href=\"\/docu\/info1.pdf\" target=\"_blank\" rel=\"noopener noreferrer\">lettre d&rsquo;information n\u00b01 en PDF<\/a><\/strong>.<\/p>\n<p>14 juillet 2021 : Assembl\u00e9e G\u00e9n\u00e9rale Extraordinaire &#8211; \u00e9lection du nouveau bureau de l&rsquo;association.<br \/>\nT\u00e9l\u00e9chargez ici <strong><a href=\"http:\/\/thorame-haute-pont-du-moulin.fr\/wp-content\/uploads\/2021\/07\/2021-07-14-Ass.Gle_.pdf\" target=\"_blank\" rel=\"noopener\">le compte rendu en PDF<\/a><\/strong><\/p>\n<p><strong>CA en exercice (2021)<br \/>\n<\/strong><\/p>\n<ul>\n<li>Pr\u00e9sident : Mme Josette Laurent (<a href=\"mailto:josette@jauniaux.com\">josette@jauniaux.com<\/a>)<\/li>\n<li>Vice-Pr\u00e9sident : M. Guillaume GILLETA (<a href=\"mailto:john04@orange.fr\" rel=\"noreferrer\">john04@orange.fr)<\/a><\/li>\n<li>Tr\u00e9sori\u00e8re : Mme Sylviane Illy (<a href=\"mailto:illy.sylviane@orange.fr\">illy.sylviane@orange.fr<\/a>)<\/li>\n<li>Secr\u00e9taire : M. Charly GRAC (<a href=\"mailto:charly.grac@orange.fr\">charly.grac@orange.fr<\/a>)<\/li>\n<li>Webmaster : M. Pierre JAUNIAUX<\/li>\n<li>Membres de droit : M. Thierry OTTO-BRUC , actuel Maire de Thorame-Haute<\/li>\n<\/ul>\n","protected":false},"excerpt":{"rendered":"<p>l\u2019Association \u00ab\u00a0Pont du Moulin de Thorame Haute\u00a0\u00bb est une Association \u00ab\u00a0loi 1901\u00a0\u00bb. Elle a \u00e9t\u00e9 cr\u00e9\u00e9e le 29 avril 2017 (Inscription au Journal Officiel ( 149\u00e8 ann\u00e9e \u2013 n\u00b0 17 ) \u2013 annonce n\u00b0 27 \u2013 sous le N\u00b0 RNA : W042000675) L\u2019assembl\u00e9e g\u00e9n\u00e9rale se tient chaque ann\u00e9e en juillet. L\u2019adh\u00e9sion est fix\u00e9e \u00e0 10 &hellip; <\/p>\n<p class=\"link-more\"><a href=\"https:\/\/thorame-haute-pont-du-moulin.fr\/index.php\/association\/\" class=\"more-link\">Continuer la lecture<span class=\"screen-reader-text\"> de &laquo;&nbsp;A propos de l&rsquo;Association&nbsp;&raquo;<\/span><\/a><\/p>\n","protected":false},"author":1,"featured_media":53,"parent":0,"menu_order":0,"comment_status":"closed","ping_status":"closed","template":"","meta":{"footnotes":""},"_links":{"self":[{"href":"https:\/\/thorame-haute-pont-du-moulin.fr\/index.php\/wp-json\/wp\/v2\/pages\/23"}],"collection":[{"href":"https:\/\/thorame-haute-pont-du-moulin.fr\/index.php\/wp-json\/wp\/v2\/pages"}],"about":[{"href":"https:\/\/thorame-haute-pont-du-moulin.fr\/index.php\/wp-json\/wp\/v2\/types\/page"}],"author":[{"embeddable":true,"href":"https:\/\/thorame-haute-pont-du-moulin.fr\/index.php\/wp-json\/wp\/v2\/users\/1"}],"replies":[{"embeddable":true,"href":"https:\/\/thorame-haute-pont-du-moulin.fr\/index.php\/wp-json\/wp\/v2\/comments?post=23"}],"version-history":[{"count":18,"href":"https:\/\/thorame-haute-pont-du-moulin.fr\/index.php\/wp-json\/wp\/v2\/pages\/23\/revisions"}],"predecessor-version":[{"id":736,"href":"https:\/\/thorame-haute-pont-du-moulin.fr\/index.php\/wp-json\/wp\/v2\/pages\/23\/revisions\/736"}],"wp:featuredmedia":[{"embeddable":true,"href":"https:\/\/thorame-haute-pont-du-moulin.fr\/index.php\/wp-json\/wp\/v2\/media\/53"}],"wp:attachment":[{"href":"https:\/\/thorame-haute-pont-du-moulin.fr\/index.php\/wp-json\/wp\/v2\/media?parent=23"}],"curies":[{"name":"wp","href":"https:\/\/api.w.org\/{rel}","templated":true}]}}