{"id":20,"date":"2017-04-08T21:34:35","date_gmt":"2017-04-08T19:34:35","guid":{"rendered":"http:\/\/thorame-haute-pont-du-moulin.fr\/?page_id=20"},"modified":"2019-08-30T21:35:22","modified_gmt":"2019-08-30T19:35:22","slug":"a-propos-de","status":"publish","type":"page","link":"https:\/\/thorame-haute-pont-du-moulin.fr\/index.php\/a-propos-de\/","title":{"rendered":"\u00c0 propos du Pont du Moulin"},"content":{"rendered":"<p><strong>A propos de l&rsquo;ancien pont d&rsquo;Ondres ou du pont du Moulin de Thorame-Haute.<\/strong><\/p>\n<p>\u00a9 Texte et Photos : <a href=\"mailto:info@thorame-haute-pont-du-moulin.fr\">MJX<\/a>, sauf indication contraire.<\/p>\n<p>Cliquez sur l&rsquo;une des rubriques&#8230;<\/p>\n<p><strong><a href=\"\/index.php\/denominations\/\" target=\"_self\">D\u00e9nominations<\/a><\/strong><br \/>\n<strong><a href=\"\/index.php\/geographie\/\" target=\"_self\">G\u00e9ographie<\/a><\/strong><br \/>\n<strong><a href=\"\/index.php\/historique\/\" target=\"_self\">Historique<\/a><\/strong><br \/>\n<strong><a href=\"\/index.php\/documents-anciens\/\" target=\"_self\">Cartes postales &#8211; Documents anciens<\/a><\/strong><br \/>\n<strong><a href=\"\/index.php\/construction\/\" target=\"_self\">Construction &#8211; Description<\/a><\/strong><br \/>\n<strong><a href=\"\/index.php\/galerie\/\" target=\"_self\">Galerie artistique<\/a><\/strong><br \/>\n<strong><a href=\"\/index.php\/photos-recentes\/\" target=\"_self\">Photos r\u00e9centes<\/a><\/strong><br \/>\n<strong><a href=\"\/index.php\/autresvues\/\" target=\"_self\">Autres vues<\/a><\/strong><br \/>\n<strong><a href=\"\/index.php\/evenements-recents\/\" target=\"_self\">\u00c9v\u00e9nements r\u00e9cents<\/a><\/strong><br \/>\n<strong><a href=\"\/index.php\/etat-actuel\/\" target=\"_self\">Etat actuel<\/a><\/strong><br \/>\n<strong><a href=\"\/index.php\/etudes-de-sauvegarde\/\" target=\"_self\">Etudes de sauvegarde<\/a><\/strong><br \/>\n<strong><a href=\"\/index.php\/references\/\" target=\"_self\">R\u00e9f\u00e9rences<\/a><\/strong><\/p>\n","protected":false},"excerpt":{"rendered":"<p>A propos de l&rsquo;ancien pont d&rsquo;Ondres ou du pont du Moulin de Thorame-Haute. \u00a9 Texte et Photos : MJX, sauf indication contraire. Cliquez sur l&rsquo;une des rubriques&#8230; D\u00e9nominations G\u00e9ographie Historique Cartes postales &#8211; Documents anciens Construction &#8211; Description Galerie artistique Photos r\u00e9centes Autres vues \u00c9v\u00e9nements r\u00e9cents Etat actuel Etudes de sauvegarde R\u00e9f\u00e9rences<\/p>\n","protected":false},"author":1,"featured_media":49,"parent":0,"menu_order":0,"comment_status":"closed","ping_status":"closed","template":"","meta":{"footnotes":""},"_links":{"self":[{"href":"https:\/\/thorame-haute-pont-du-moulin.fr\/index.php\/wp-json\/wp\/v2\/pages\/20"}],"collection":[{"href":"https:\/\/thorame-haute-pont-du-moulin.fr\/index.php\/wp-json\/wp\/v2\/pages"}],"about":[{"href":"https:\/\/thorame-haute-pont-du-moulin.fr\/index.php\/wp-json\/wp\/v2\/types\/page"}],"author":[{"embeddable":true,"href":"https:\/\/thorame-haute-pont-du-moulin.fr\/index.php\/wp-json\/wp\/v2\/users\/1"}],"replies":[{"embeddable":true,"href":"https:\/\/thorame-haute-pont-du-moulin.fr\/index.php\/wp-json\/wp\/v2\/comments?post=20"}],"version-history":[{"count":25,"href":"https:\/\/thorame-haute-pont-du-moulin.fr\/index.php\/wp-json\/wp\/v2\/pages\/20\/revisions"}],"predecessor-version":[{"id":605,"href":"https:\/\/thorame-haute-pont-du-moulin.fr\/index.php\/wp-json\/wp\/v2\/pages\/20\/revisions\/605"}],"wp:featuredmedia":[{"embeddable":true,"href":"https:\/\/thorame-haute-pont-du-moulin.fr\/index.php\/wp-json\/wp\/v2\/media\/49"}],"wp:attachment":[{"href":"https:\/\/thorame-haute-pont-du-moulin.fr\/index.php\/wp-json\/wp\/v2\/media?parent=20"}],"curies":[{"name":"wp","href":"https:\/\/api.w.org\/{rel}","templated":true}]}}