{"id":19,"date":"2017-04-08T21:34:35","date_gmt":"2017-04-08T19:34:35","guid":{"rendered":"http:\/\/thorame-haute-pont-du-moulin.fr\/?page_id=19"},"modified":"2025-01-15T11:01:54","modified_gmt":"2025-01-15T10:01:54","slug":"accueil","status":"publish","type":"page","link":"https:\/\/thorame-haute-pont-du-moulin.fr\/","title":{"rendered":"Accueil"},"content":{"rendered":"<p><strong>L&rsquo;<a href=\"\/index.php\/association\/\" target=\"_self\" rel=\"noopener noreferrer\">Association \u00ab\u00a0Pont du Moulin de Thorame-Haute\u00a0\u00bb<\/a> a \u00e9t\u00e9 cr\u00e9\u00e9e dans le but de promouvoir toute activit\u00e9 propre \u00e0 sauvegarder et entretenir l&rsquo;ancien pont d&rsquo;Ondres ou pont du moulin de Thorame-Haute et ses alentours.<\/strong><\/p>\n<p><strong>Au 15 octobre 2018, L\u2019Association a \u00e9t\u00e9 consid\u00e9r\u00e9e comme un \u00ab organisme d\u2019int\u00e9r\u00eat g\u00e9n\u00e9ral concourant \u00e0 la mise en valeur du patrimoine culturel et architectural local \u00bb.<br \/>\nElle d\u00e9livre \u00e0 ce titre des re\u00e7us fiscaux ouvrant droit \u00e0 des d\u00e9ductions d\u2019imp\u00f4t (article 200 du Code g\u00e9n\u00e9ral des imp\u00f4ts) pour les dons sup\u00e9rieurs \u00e0 la cotisation de 10\u20ac et \u00e0 la demande des donateurs.<\/strong><\/p>\n<p><strong><a href=\"\/index.php\/dernieres-nouvelles\/\" target=\"_self\" rel=\"noopener noreferrer\">Derni\u00e8res nouvelles de l&rsquo;Association.(cliquez ici)<\/a><\/strong><\/p>\n<p><strong><a href=\"\/index.php\/association\/\" target=\"_self\" rel=\"noopener noreferrer\">Description d\u00e9taill\u00e9e de l&rsquo;Association.(cliquez ici)<\/a><\/strong><\/p>\n<p><strong><a href=\"\/index.php\/a-propos-de\/\" target=\"_self\" rel=\"noopener noreferrer\">Description d\u00e9taill\u00e9e du Pont du moulin.(cliquez ici)<\/a><\/strong><\/p>\n<hr \/>\n<p><strong>Derni\u00e8re mise \u00e0 jour : 15 janvier 2025 : ajout du compte rendu de l&rsquo;assembl\u00e9e g\u00e9n\u00e9rale<br \/>\n<\/strong><\/p>\n<hr \/>\n<style id=\"bwg-style-0\">    #bwg_container1_0 #bwg_container2_0 .bwg-container-0.bwg-standard-thumbnails {      width: 2564px;              justify-content: center;        margin:0 auto !important;              background-color: rgba(255, 255, 255, 0.00);            padding-left: 4px;      padding-top: 4px;      max-width: 100%;            }        #bwg_container1_0 #bwg_container2_0 .bwg-container-0.bwg-standard-thumbnails .bwg-item {    justify-content: flex-start;      max-width: 512px;          }    #bwg_container1_0 #bwg_container2_0 .bwg-container-0.bwg-standard-thumbnails .bwg-item a {       margin-right: 4px;       margin-bottom: 4px;    }    #bwg_container1_0 #bwg_container2_0 .bwg-container-0.bwg-standard-thumbnails .bwg-item0 {      padding: 0px;            background-color:rgba(255,255,255, 0.30);      border: 0px none #CCCCCC;      opacity: 1.00;      border-radius: 0;      box-shadow: 0px 0px 0px #888888;    }    #bwg_container1_0 #bwg_container2_0 .bwg-container-0.bwg-standard-thumbnails .bwg-item1 img {      max-height: none;      max-width: none;      padding: 0 !important;    }        @media only screen and (min-width: 480px) {      #bwg_container1_0 #bwg_container2_0 .bwg-container-0.bwg-standard-thumbnails .bwg-item0 {        transition: all 0.3s ease 0s;-webkit-transition: all 0.3s ease 0s;      }      #bwg_container1_0 #bwg_container2_0 .bwg-container-0.bwg-standard-thumbnails .bwg-item0:hover {        -ms-transform: scale(1.1);        -webkit-transform: scale(1.1);        transform: scale(1.1);      }    }          #bwg_container1_0 #bwg_container2_0 .bwg-container-0.bwg-standard-thumbnails .bwg-item1 {      padding-top: 66.796875%;    }        #bwg_container1_0 #bwg_container2_0 .bwg-container-0.bwg-standard-thumbnails .bwg-title2,    #bwg_container1_0 #bwg_container2_0 .bwg-container-0.bwg-standard-thumbnails .bwg-ecommerce2 {      color: #CCCCCC;      font-family: segoe ui;      font-size: 16px;      font-weight: bold;      padding: 2px;      text-shadow: 0px 0px 0px #888888;      max-height: 100%;    }    #bwg_container1_0 #bwg_container2_0 .bwg-container-0.bwg-standard-thumbnails .bwg-thumb-description span {    color: #323A45;    font-family: Ubuntu;    font-size: 12px;    max-height: 100%;    word-wrap: break-word;    }    #bwg_container1_0 #bwg_container2_0 .bwg-container-0.bwg-standard-thumbnails .bwg-play-icon2 {      font-size: 32px;    }    #bwg_container1_0 #bwg_container2_0 .bwg-container-0.bwg-standard-thumbnails .bwg-ecommerce2 {      font-size: 19.2px;      color: #CCCCCC;    }    <\/style>    <div id=\"bwg_container1_0\"         class=\"bwg_container bwg_thumbnail bwg_thumbnails \"         data-right-click-protection=\"0\"         data-bwg=\"0\"         data-scroll=\"0\"         data-gallery-type=\"thumbnails\"         data-gallery-view-type=\"thumbnails\"         data-current-url=\"\/index.php\/wp-json\/wp\/v2\/pages\/19\"         data-lightbox-url=\"https:\/\/thorame-haute-pont-du-moulin.fr\/wp-admin\/admin-ajax.php?action=GalleryBox&#038;current_view=0&#038;gallery_id=44&#038;tag=0&#038;theme_id=1&#038;shortcode_id=44&#038;sort_by=order&#038;order_by=asc&#038;current_url=%2Findex.php%2Fwp-json%2Fwp%2Fv2%2Fpages%2F19\"         data-gallery-id=\"44\"         data-popup-width=\"1024\"         data-popup-height=\"683\"         data-is-album=\"gallery\"         data-buttons-position=\"bottom\">      <div id=\"bwg_container2_0\">             <div id=\"ajax_loading_0\" class=\"bwg_loading_div_1\">      <div class=\"bwg_loading_div_2\">        <div class=\"bwg_loading_div_3\">          <div id=\"loading_div_0\" class=\"bwg_spider_ajax_loading\">          <\/div>        <\/div>      <\/div>    <\/div>            <form id=\"gal_front_form_0\"              class=\"bwg-hidden\"              method=\"post\"              action=\"#\"              data-current=\"0\"              data-shortcode-id=\"44\"              data-gallery-type=\"thumbnails\"              data-gallery-id=\"44\"              data-tag=\"0\"              data-album-id=\"0\"              data-theme-id=\"1\"              data-ajax-url=\"https:\/\/thorame-haute-pont-du-moulin.fr\/wp-admin\/admin-ajax.php?action=bwg_frontend_data\">          <div id=\"bwg_container3_0\" class=\"bwg-background bwg-background-0\">                <div data-max-count=\"5\"         data-thumbnail-width=\"512\"         data-bwg=\"0\"         data-gallery-id=\"44\"         data-lightbox-url=\"https:\/\/thorame-haute-pont-du-moulin.fr\/wp-admin\/admin-ajax.php?action=GalleryBox&amp;current_view=0&amp;gallery_id=44&amp;tag=0&amp;theme_id=1&amp;shortcode_id=44&amp;sort_by=order&amp;order_by=asc&amp;current_url=%2Findex.php%2Fwp-json%2Fwp%2Fv2%2Fpages%2F19\"         id=\"bwg_thumbnails_0\"         class=\"bwg-container-0 bwg-thumbnails bwg-standard-thumbnails bwg-container bwg-border-box\">            <div class=\"bwg-item\">        <a class=\"bwg-a  bwg_lightbox\"  data-image-id=\"434\" href=\"https:\/\/thorame-haute-pont-du-moulin.fr\/wp-content\/uploads\/photo-gallery\/IMG_6100r_-_Copy.jpg?bwg=1577865690\" data-elementor-open-lightbox=\"no\">                <div class=\"bwg-item0 \">          <div class=\"bwg-item1 \">            <div class=\"bwg-item2\">              <img decoding=\"async\" class=\"skip-lazy bwg_standart_thumb_img_0 \"                   data-id=\"434\"                   data-width=\"500\"                   data-height=\"333\"                   data-src=\"https:\/\/thorame-haute-pont-du-moulin.fr\/wp-content\/uploads\/photo-gallery\/thumb\/IMG_6100r_-_Copy.jpg?bwg=1577865690\"                   src=\"https:\/\/thorame-haute-pont-du-moulin.fr\/wp-content\/uploads\/photo-gallery\/thumb\/IMG_6100r_-_Copy.jpg?bwg=1577865690\"                   alt=\"bonne ann\u00e9e 2020\"                   title=\"bonne ann\u00e9e 2020\" \/>            <\/div>            <div class=\"\">                                                      <\/div>          <\/div>        <\/div>                        <\/a>              <\/div>          <\/div>    <style>      \/*pagination styles*\/      #bwg_container1_0 #bwg_container2_0 .tablenav-pages_0 {\t\t\t\ttext-align: center;\t\t\t\tfont-size: 12px;\t\t\t\tfont-family: segoe ui;\t\t\t\tfont-weight: bold;\t\t\t\tcolor: #666666;\t\t\t\tmargin: 6px 0 4px;\t\t\t\tdisplay: block;      }      @media only screen and (max-width : 320px) {      #bwg_container1_0 #bwg_container2_0 .displaying-num_0 {     \t display: none;      }      }      #bwg_container1_0 #bwg_container2_0 .displaying-num_0 {\t\t\t\tfont-size: 12px;\t\t\t\tfont-family: segoe ui;\t\t\t\tfont-weight: bold;\t\t\t\tcolor: #666666;\t\t\t\tmargin-right: 10px;\t\t\t\tvertical-align: middle;      }      #bwg_container1_0 #bwg_container2_0 .paging-input_0 {\t\t\t\tfont-size: 12px;\t\t\t\tfont-family: segoe ui;\t\t\t\tfont-weight: bold;\t\t\t\tcolor: #666666;\t\t\t\tvertical-align: middle;      }      #bwg_container1_0 #bwg_container2_0 .tablenav-pages_0 a.disabled,      #bwg_container1_0 #bwg_container2_0 .tablenav-pages_0 a.disabled:hover,      #bwg_container1_0 #bwg_container2_0 .tablenav-pages_0 a.disabled:focus,\t\t\t#bwg_container1_0 #bwg_container2_0 .tablenav-pages_0 input.bwg_current_page {\t\t\t\tcursor: default;\t\t\t\tcolor: rgba(102, 102, 102, 0.5);      }      #bwg_container1_0 #bwg_container2_0 .tablenav-pages_0 a,      #bwg_container1_0 #bwg_container2_0 .tablenav-pages_0 input.bwg_current_page {\t\t\t\tcursor: pointer;\t\t\t\ttext-align: center;\t\t\t\tfont-size: 12px;\t\t\t\tfont-family: segoe ui;\t\t\t\tfont-weight: bold;\t\t\t\tcolor: #666666;\t\t\t\ttext-decoration: none;\t\t\t\tpadding: 3px 6px;\t\t\t\tmargin: 0;\t\t\t\tborder-radius: 0;\t\t\t\tborder-style: solid;\t\t\t\tborder-width: 1px;\t\t\t\tborder-color: #E3E3E3;\t\t\t\t\t\t\t\tbackground-color: rgba(255, 255, 255, 1.00);\t\t\t\tbox-shadow: 0;\t\t\t\ttransition: all 0.3s ease 0s;-webkit-transition: all 0.3s ease 0s;      }      <\/style>      <span class=\"bwg_nav_cont_0\">              <div class=\"tablenav-pages_0\">                  <\/div>                <input type=\"hidden\" id=\"page_number_0\" name=\"page_number_0\" value=\"1\" \/>      <script type=\"text\/javascript\">        if( jQuery('.bwg_nav_cont_0').length > 1 ) {          jQuery('.bwg_nav_cont_0').first().remove()        }        function spider_page_0(cur, x, y, load_more) {          if (typeof load_more == \"undefined\") {            var load_more = false;          }          if (jQuery(cur).hasClass('disabled')) {            return false;          }          var items_county_0 = 1;          switch (y) {            case 1:              if (x >= items_county_0) {                document.getElementById('page_number_0').value = items_county_0;              }              else {                document.getElementById('page_number_0').value = x + 1;              }              break;            case 2:              document.getElementById('page_number_0').value = items_county_0;              break;            case -1:              if (x == 1) {                document.getElementById('page_number_0').value = 1;              }              else {                document.getElementById('page_number_0').value = x - 1;              }              break;            case -2:              document.getElementById('page_number_0').value = 1;              break;\t\t\t\t\t\tcase 0:              document.getElementById('page_number_0').value = x;              break;            default:              document.getElementById('page_number_0').value = 1;          }          bwg_ajax('gal_front_form_0', '0', 'bwg_thumbnails_0', '0', '', 'gallery', 0, '', '', load_more, '', 1);        }                    jQuery('.first-page-0').on('click', function () {              spider_page_0(this, 1, -2, 'numeric');              return false;            });            jQuery('.prev-page-0').on('click', function () {              spider_page_0(this, 1, -1, 'numeric');              return false;            });            jQuery('.next-page-0').on('click', function () {              spider_page_0(this, 1, 1, 'numeric');              return false;            });            jQuery('.last-page-0').on('click', function () {              spider_page_0(this, 1, 2, 'numeric');              return false;            });        \t\t\t\t\/* Change page on input enter. *\/        function bwg_change_page_0( e, that ) {          if (  e.key == 'Enter' ) {            var to_page = parseInt(jQuery(that).val());            var pages_count = jQuery(that).parents(\".pagination-links\").data(\"pages-count\");            var current_url_param = jQuery(that).attr('data-url-info');            if (to_page > pages_count) {              to_page = 1;            }\t \t\t\t\t\t\t\t\t\t\t\t\tspider_page_0(this, to_page, 0, 'numeric');\t\t\t\t\t\t\treturn false;\t\t\t\t\t\t          }          return true;        }        jQuery('.bwg_load_btn_0').on('click', function () {            spider_page_0(this, 1, 1, true);            return false;        });      <\/script>      <\/span>                <\/div>        <\/form>        <style>          #bwg_container1_0 #bwg_container2_0 #spider_popup_overlay_0 {          background-color: #000000;          opacity: 0.70;          }          <\/style>        <div id=\"bwg_spider_popup_loading_0\" class=\"bwg_spider_popup_loading\"><\/div>        <div id=\"spider_popup_overlay_0\" class=\"spider_popup_overlay\" onclick=\"spider_destroypopup(1000)\"><\/div>        <input type=\"hidden\" id=\"bwg_random_seed_0\" value=\"794129632\">                <\/div>    <\/div>    <script>      if (document.readyState === 'complete') {        if( typeof bwg_main_ready == 'function' ) {          if ( jQuery(\"#bwg_container1_0\").height() ) {            bwg_main_ready(jQuery(\"#bwg_container1_0\"));          }        }      } else {        document.addEventListener('DOMContentLoaded', function() {          if( typeof bwg_main_ready == 'function' ) {            if ( jQuery(\"#bwg_container1_0\").height() ) {             bwg_main_ready(jQuery(\"#bwg_container1_0\"));            }          }        });      }    <\/script>    \n<hr \/>\n<p><strong><a href=\"\/index.php\/denominations\/\" target=\"_self\" rel=\"noopener noreferrer\">D\u00e9nominations<\/a><\/strong><br \/>\n<strong><a href=\"\/index.php\/geographie\/\" target=\"_self\" rel=\"noopener noreferrer\">G\u00e9ographie<\/a><\/strong><br \/>\n<strong><a href=\"\/index.php\/historique\/\" target=\"_self\" rel=\"noopener noreferrer\">Historique<\/a><\/strong><br \/>\n<strong><a href=\"\/index.php\/documents-anciens\/\" target=\"_self\" rel=\"noopener noreferrer\">Cartes postales &#8211; Documents anciens<\/a><\/strong><br \/>\n<strong><a href=\"\/index.php\/construction\/\" target=\"_self\" rel=\"noopener noreferrer\">Construction &#8211; Description<\/a><\/strong><br \/>\n<strong><a href=\"\/index.php\/galerie\/\" target=\"_self\" rel=\"noopener noreferrer\">Galerie artistique<\/a><\/strong><br \/>\n<strong><a href=\"\/index.php\/photos-recentes\/\" target=\"_self\" rel=\"noopener noreferrer\">Photos r\u00e9centes<\/a><\/strong> (maj 22\/02\/2023)<br \/>\n<strong><a href=\"\/index.php\/autresvues\/\" target=\"_self\" rel=\"noopener noreferrer\">Autres vues<\/a><\/strong> (maj 22\/04\/2020)<br \/>\n<strong><a href=\"\/index.php\/evenements-recents\/\" target=\"_self\" rel=\"noopener noreferrer\">\u00c9v\u00e9nements r\u00e9cents<\/a><\/strong><br \/>\n<strong><a href=\"\/index.php\/etat-actuel\/\" target=\"_self\" rel=\"noopener noreferrer\">Etat actuel<\/a><\/strong><br \/>\n<strong><a href=\"\/index.php\/etudes-de-sauvegarde\/\" target=\"_self\" rel=\"noopener noreferrer\">Etudes de sauvegarde<\/a><\/strong><br \/>\n<strong><a href=\"\/index.php\/references\/\" target=\"_self\" rel=\"noopener noreferrer\">R\u00e9f\u00e9rences<\/a><\/strong><br \/>\n<strong><a href=\"\/index.php\/situation-de-lassociation\/\" target=\"_self\" rel=\"noopener noreferrer\">Situation financi\u00e8re de l&rsquo;Association<\/a><\/strong> (maj 22\/04\/2020)<\/p>\n","protected":false},"excerpt":{"rendered":"<p>L&rsquo;Association \u00ab\u00a0Pont du Moulin de Thorame-Haute\u00a0\u00bb a \u00e9t\u00e9 cr\u00e9\u00e9e dans le but de promouvoir toute activit\u00e9 propre \u00e0 sauvegarder et entretenir l&rsquo;ancien pont d&rsquo;Ondres ou pont du moulin de Thorame-Haute et ses alentours. Au 15 octobre 2018, L\u2019Association a \u00e9t\u00e9 consid\u00e9r\u00e9e comme un \u00ab organisme d\u2019int\u00e9r\u00eat g\u00e9n\u00e9ral concourant \u00e0 la mise en valeur du patrimoine &hellip; <\/p>\n<p class=\"link-more\"><a href=\"https:\/\/thorame-haute-pont-du-moulin.fr\/\" class=\"more-link\">Continuer la lecture<span class=\"screen-reader-text\"> de &laquo;&nbsp;Accueil&nbsp;&raquo;<\/span><\/a><\/p>\n","protected":false},"author":1,"featured_media":0,"parent":0,"menu_order":0,"comment_status":"closed","ping_status":"closed","template":"","meta":{"footnotes":""},"_links":{"self":[{"href":"https:\/\/thorame-haute-pont-du-moulin.fr\/index.php\/wp-json\/wp\/v2\/pages\/19"}],"collection":[{"href":"https:\/\/thorame-haute-pont-du-moulin.fr\/index.php\/wp-json\/wp\/v2\/pages"}],"about":[{"href":"https:\/\/thorame-haute-pont-du-moulin.fr\/index.php\/wp-json\/wp\/v2\/types\/page"}],"author":[{"embeddable":true,"href":"https:\/\/thorame-haute-pont-du-moulin.fr\/index.php\/wp-json\/wp\/v2\/users\/1"}],"replies":[{"embeddable":true,"href":"https:\/\/thorame-haute-pont-du-moulin.fr\/index.php\/wp-json\/wp\/v2\/comments?post=19"}],"version-history":[{"count":198,"href":"https:\/\/thorame-haute-pont-du-moulin.fr\/index.php\/wp-json\/wp\/v2\/pages\/19\/revisions"}],"predecessor-version":[{"id":768,"href":"https:\/\/thorame-haute-pont-du-moulin.fr\/index.php\/wp-json\/wp\/v2\/pages\/19\/revisions\/768"}],"wp:attachment":[{"href":"https:\/\/thorame-haute-pont-du-moulin.fr\/index.php\/wp-json\/wp\/v2\/media?parent=19"}],"curies":[{"name":"wp","href":"https:\/\/api.w.org\/{rel}","templated":true}]}}