{"id":148,"date":"2017-07-14T21:43:55","date_gmt":"2017-07-14T19:43:55","guid":{"rendered":"http:\/\/thorame-haute-pont-du-moulin.fr\/?page_id=148"},"modified":"2019-07-10T08:48:59","modified_gmt":"2019-07-10T06:48:59","slug":"denominations","status":"publish","type":"page","link":"https:\/\/thorame-haute-pont-du-moulin.fr\/index.php\/denominations\/","title":{"rendered":"D\u00e9nominations"},"content":{"rendered":"<p>Sur les documents d\u2019archives, il est appel\u00e9 \u00e0 l&rsquo;origine pont d&rsquo;Ondres, car il \u00e9tait sur le chemin menant au hameau d&rsquo;Ondres et le b\u00e2timent du moulin n&rsquo;existait pas au moment de sa construction.<br \/>\nIl est class\u00e9 Monument Historique sous le n\u00b0 PA00080503 et sous le nom de Pont du Moulin sur le Verdon ou Ancien pont d&rsquo;Ondres pour ne pas le confondre avec le nouveau pont &#8211; passerelle d&rsquo;Ondres situ\u00e9 en amont.<br \/>\nLocalement on le connait surtout comme le pont Romain, en r\u00e9f\u00e9rence sans doute \u00e0 sa grande arche de forme circulaire (allusion au style roman ou \u00e0 l&rsquo;origine romaine de la technique de construction de pont en dos d&rsquo;\u00e2ne ?) ou \u00e0 son grand \u00e2ge (17\u00e8me si\u00e8cle et non 16\u00e8me comme indiqu\u00e9 dans la <strong><a href=\"http:\/\/www.culture.gouv.fr\/public\/mistral\/merimee_fr?ACTION=CHERCHER&amp;FIELD_1=REF&amp;VALUE_1=PA00080503\" target=\"_blank\" rel=\"noopener noreferrer\">Base M\u00e9rim\u00e9e<\/a><\/strong> des Monuments Historiques).<br \/>\nSur certaines cartes postales anciennes, on \u00e9crit aussi pont de Serp\u00e8ge ou Serpegier, du nom de la montagne toute proche.<br \/>\nNous l&rsquo;appelerons simplement Pont du Moulin ou ancien pont d&rsquo;Ondres.<\/p>\n<p><strong><a href=\"\/index.php\/denominations\/\" target=\"_self\">D\u00e9nominations<\/a><\/strong><br \/>\n<strong><a href=\"\/index.php\/geographie\/\" target=\"_self\">G\u00e9ographie<\/a><\/strong><br \/>\n<strong><a href=\"\/index.php\/historique\/\" target=\"_self\">Historique<\/a><\/strong><br \/>\n<strong><a href=\"\/index.php\/documents-anciens\/\" target=\"_self\">Cartes postales &#8211; Documents anciens<\/a><\/strong><br \/>\n<strong><a href=\"\/index.php\/construction\/\" target=\"_self\">Construction &#8211; Description<\/a><\/strong><br \/>\n<strong><a href=\"\/index.php\/galerie\/\" target=\"_self\">Galerie artistique<\/a><\/strong><br \/>\n<strong><a href=\"\/index.php\/photos-recentes\/\" target=\"_self\">Photos r\u00e9centes<\/a><\/strong><br \/>\n<strong><a href=\"\/index.php\/autresvues\/\" target=\"_self\">Autres vues<\/a><\/strong><br \/>\n<strong><a href=\"\/index.php\/evenements-recents\/\" target=\"_self\">\u00c9v\u00e9nements r\u00e9cents<\/a><\/strong><br \/>\n<strong><a href=\"\/index.php\/etat-actuel\/\" target=\"_self\">Etat actuel<\/a><\/strong><br \/>\n<strong><a href=\"\/index.php\/etudes-de-sauvegarde\/\" target=\"_self\">Etudes de sauvegarde<\/a><\/strong><br \/>\n<strong><a href=\"\/index.php\/references\/\" target=\"_self\">R\u00e9f\u00e9rences<\/a><\/strong><\/p>\n","protected":false},"excerpt":{"rendered":"<p>Sur les documents d\u2019archives, il est appel\u00e9 \u00e0 l&rsquo;origine pont d&rsquo;Ondres, car il \u00e9tait sur le chemin menant au hameau d&rsquo;Ondres et le b\u00e2timent du moulin n&rsquo;existait pas au moment de sa construction. Il est class\u00e9 Monument Historique sous le n\u00b0 PA00080503 et sous le nom de Pont du Moulin sur le Verdon ou Ancien &hellip; <\/p>\n<p class=\"link-more\"><a href=\"https:\/\/thorame-haute-pont-du-moulin.fr\/index.php\/denominations\/\" class=\"more-link\">Continuer la lecture<span class=\"screen-reader-text\"> de &laquo;&nbsp;D\u00e9nominations&nbsp;&raquo;<\/span><\/a><\/p>\n","protected":false},"author":1,"featured_media":0,"parent":0,"menu_order":0,"comment_status":"closed","ping_status":"closed","template":"","meta":{"footnotes":""},"_links":{"self":[{"href":"https:\/\/thorame-haute-pont-du-moulin.fr\/index.php\/wp-json\/wp\/v2\/pages\/148"}],"collection":[{"href":"https:\/\/thorame-haute-pont-du-moulin.fr\/index.php\/wp-json\/wp\/v2\/pages"}],"about":[{"href":"https:\/\/thorame-haute-pont-du-moulin.fr\/index.php\/wp-json\/wp\/v2\/types\/page"}],"author":[{"embeddable":true,"href":"https:\/\/thorame-haute-pont-du-moulin.fr\/index.php\/wp-json\/wp\/v2\/users\/1"}],"replies":[{"embeddable":true,"href":"https:\/\/thorame-haute-pont-du-moulin.fr\/index.php\/wp-json\/wp\/v2\/comments?post=148"}],"version-history":[{"count":11,"href":"https:\/\/thorame-haute-pont-du-moulin.fr\/index.php\/wp-json\/wp\/v2\/pages\/148\/revisions"}],"predecessor-version":[{"id":525,"href":"https:\/\/thorame-haute-pont-du-moulin.fr\/index.php\/wp-json\/wp\/v2\/pages\/148\/revisions\/525"}],"wp:attachment":[{"href":"https:\/\/thorame-haute-pont-du-moulin.fr\/index.php\/wp-json\/wp\/v2\/media?parent=148"}],"curies":[{"name":"wp","href":"https:\/\/api.w.org\/{rel}","templated":true}]}}