{"id":138,"date":"2017-07-14T11:52:41","date_gmt":"2017-07-14T09:52:41","guid":{"rendered":"http:\/\/thorame-haute-pont-du-moulin.fr\/?page_id=138"},"modified":"2019-09-26T19:58:24","modified_gmt":"2019-09-26T17:58:24","slug":"evenements-recents","status":"publish","type":"page","link":"https:\/\/thorame-haute-pont-du-moulin.fr\/index.php\/evenements-recents\/","title":{"rendered":"\u00c9v\u00e9nements r\u00e9cents"},"content":{"rendered":"<p><strong>Quelques \u00e9v\u00e9nements suivis ou organis\u00e9s par les membres organisateurs de l&rsquo;Association \u00ab\u00a0Pont du Moulin de Thorame Haute\u00a0\u00bb.<\/strong><\/p>\n<p>4 septembre 2012 : <strong><a href=\"http:\/\/thorame.fr\/fr\/thorame-pont.php\" target=\"_blank\" rel=\"noopener noreferrer\">lettre ouverte \u00e0 M. le Maire de Thorame Haute<\/a><\/strong>.<\/p>\n<p>27 octobre 2014 : Organisation d&rsquo;une premi\u00e8re visite du Pont du Moulin par la DRAC<\/p>\n<p>Novembre 2014 : r\u00e9daction d&rsquo;un projet de restauration pour appel \u00e0 m\u00e9c\u00e9nat.<\/p>\n<p>15 d\u00e9cembre 2014 :\u00a0 Rapport de la DRAC<\/p>\n<p>14 avril 2015 : d\u00e9cision du Conseil communal de Thorame Haute de transfert du dossier \u00e0 la Communaut\u00e9 de Communes du Haut Verdon.<\/p>\n<p>19 janvier 2016 : lancement d&rsquo;un appel d&rsquo;offre pour la ma\u00eetrise d&rsquo;oeuvre du sauvetage du Pont d&rsquo;Ondres par la Communaut\u00e9 de Communes du Haut Verdon (budget global de 30 k\u20ac).<\/p>\n<p>Mars 2016 : Choix de la soci\u00e9t\u00e9 UNANIME pour l&rsquo;\u00e9tude.<\/p>\n<p>Juillet 2016 : rapport provisoire de M. Michel Trubert, de la soci\u00e9t\u00e9 UNANIME, devenue depuis \u00ab\u00a0\u00e9quilibre structures\u00a0\u00bb, membre de la Compagnie des architectes en chef des monuments hidtoriques.<\/p>\n<p>2 ao\u00fbt 2016 : Organisation de fouilles par M. Trubert.<\/p>\n<p>D\u00e9cembre 2016 : rapport final de M. Trubert.<\/p>\n<p>24 janvier 2017 : d\u00e9cision du conseil municipal de Thorame-Haute d&rsquo;un plan de financement \u00e0 inscrire au budget 2017 de 192.000\u20ac, pour une toute premi\u00e8re tranche pour la sauvegarde urgente, et dont 80.000\u20ac serait couvert par la participation de l\u2019Etat (monument historique).<\/p>\n<p>d\u00e9but mars 2017 : \u00e9croulement du mur Sud-Est &#8211; aval-droit , rendant tr\u00e8s dangereux le passage devenu tr\u00e8s \u00e9troit. Pose d&rsquo;une cl\u00f4ture de s\u00e9curit\u00e9.<\/p>\n<p>juillet 2017 : lancement d&rsquo;une premi\u00e8re campagne publicitaire pour l&rsquo;appel aux dons par l&rsquo;Association \u00ab\u00a0Pont du Moulin de Thorame-Haute\u00a0\u00bb ( NE LE LAISSEZ PAS TOMBER ).<\/p>\n<p>&nbsp;<\/p>\n<style id=\"bwg-style-0\">    #bwg_container1_0 #bwg_container2_0 .bwg-container-0.bwg-standard-thumbnails {      width: 679px;              justify-content: center;        margin:0 auto !important;              background-color: rgba(255, 255, 255, 0.00);            padding-left: 4px;      padding-top: 4px;      max-width: 100%;            }        #bwg_container1_0 #bwg_container2_0 .bwg-container-0.bwg-standard-thumbnails .bwg-item {    justify-content: flex-start;      max-width: 135px;          }    #bwg_container1_0 #bwg_container2_0 .bwg-container-0.bwg-standard-thumbnails .bwg-item a {       margin-right: 4px;       margin-bottom: 4px;    }    #bwg_container1_0 #bwg_container2_0 .bwg-container-0.bwg-standard-thumbnails .bwg-item0 {      padding: 0px;            background-color:rgba(255,255,255, 0.30);      border: 0px none #CCCCCC;      opacity: 1.00;      border-radius: 0;      box-shadow: 0px 0px 0px #888888;    }    #bwg_container1_0 #bwg_container2_0 .bwg-container-0.bwg-standard-thumbnails .bwg-item1 img {      max-height: none;      max-width: none;      padding: 0 !important;    }        @media only screen and (min-width: 480px) {      #bwg_container1_0 #bwg_container2_0 .bwg-container-0.bwg-standard-thumbnails .bwg-item0 {        transition: all 0.3s ease 0s;-webkit-transition: all 0.3s ease 0s;      }      #bwg_container1_0 #bwg_container2_0 .bwg-container-0.bwg-standard-thumbnails .bwg-item0:hover {        -ms-transform: scale(1.1);        -webkit-transform: scale(1.1);        transform: scale(1.1);      }    }          #bwg_container1_0 #bwg_container2_0 .bwg-container-0.bwg-standard-thumbnails .bwg-item1 {      padding-top: 133.33333333333%;    }        #bwg_container1_0 #bwg_container2_0 .bwg-container-0.bwg-standard-thumbnails .bwg-title2,    #bwg_container1_0 #bwg_container2_0 .bwg-container-0.bwg-standard-thumbnails .bwg-ecommerce2 {      color: #CCCCCC;      font-family: segoe ui;      font-size: 16px;      font-weight: bold;      padding: 2px;      text-shadow: 0px 0px 0px #888888;      max-height: 100%;    }    #bwg_container1_0 #bwg_container2_0 .bwg-container-0.bwg-standard-thumbnails .bwg-thumb-description span {    color: #323A45;    font-family: Ubuntu;    font-size: 12px;    max-height: 100%;    word-wrap: break-word;    }    #bwg_container1_0 #bwg_container2_0 .bwg-container-0.bwg-standard-thumbnails .bwg-play-icon2 {      font-size: 32px;    }    #bwg_container1_0 #bwg_container2_0 .bwg-container-0.bwg-standard-thumbnails .bwg-ecommerce2 {      font-size: 19.2px;      color: #CCCCCC;    }    <\/style>    <div id=\"bwg_container1_0\"         class=\"bwg_container bwg_thumbnail bwg_thumbnails \"         data-right-click-protection=\"0\"         data-bwg=\"0\"         data-scroll=\"0\"         data-gallery-type=\"thumbnails\"         data-gallery-view-type=\"thumbnails\"         data-current-url=\"\/index.php\/wp-json\/wp\/v2\/pages\/138\"         data-lightbox-url=\"https:\/\/thorame-haute-pont-du-moulin.fr\/wp-admin\/admin-ajax.php?action=GalleryBox&#038;current_view=0&#038;gallery_id=6&#038;tag=0&#038;theme_id=1&#038;shortcode_id=6&#038;sort_by=order&#038;order_by=asc&#038;current_url=%2Findex.php%2Fwp-json%2Fwp%2Fv2%2Fpages%2F138\"         data-gallery-id=\"6\"         data-popup-width=\"675\"         data-popup-height=\"900\"         data-is-album=\"gallery\"         data-buttons-position=\"bottom\">      <div id=\"bwg_container2_0\">             <div id=\"ajax_loading_0\" class=\"bwg_loading_div_1\">      <div class=\"bwg_loading_div_2\">        <div class=\"bwg_loading_div_3\">          <div id=\"loading_div_0\" class=\"bwg_spider_ajax_loading\">          <\/div>        <\/div>      <\/div>    <\/div>            <form id=\"gal_front_form_0\"              class=\"bwg-hidden\"              method=\"post\"              action=\"#\"              data-current=\"0\"              data-shortcode-id=\"6\"              data-gallery-type=\"thumbnails\"              data-gallery-id=\"6\"              data-tag=\"0\"              data-album-id=\"0\"              data-theme-id=\"1\"              data-ajax-url=\"https:\/\/thorame-haute-pont-du-moulin.fr\/wp-admin\/admin-ajax.php?action=bwg_frontend_data\">          <div id=\"bwg_container3_0\" class=\"bwg-background bwg-background-0\">                <div data-max-count=\"5\"         data-thumbnail-width=\"135\"         data-bwg=\"0\"         data-gallery-id=\"6\"         data-lightbox-url=\"https:\/\/thorame-haute-pont-du-moulin.fr\/wp-admin\/admin-ajax.php?action=GalleryBox&amp;current_view=0&amp;gallery_id=6&amp;tag=0&amp;theme_id=1&amp;shortcode_id=6&amp;sort_by=order&amp;order_by=asc&amp;current_url=%2Findex.php%2Fwp-json%2Fwp%2Fv2%2Fpages%2F138\"         id=\"bwg_thumbnails_0\"         class=\"bwg-container-0 bwg-thumbnails bwg-standard-thumbnails bwg-container bwg-border-box\">            <div class=\"bwg-item\">        <a class=\"bwg-a  bwg_lightbox\"  data-image-id=\"53\" href=\"https:\/\/thorame-haute-pont-du-moulin.fr\/wp-content\/uploads\/photo-gallery\/pont_du_moulin_affiche_et_recto_flyerr.jpg\" data-elementor-open-lightbox=\"no\">                <div class=\"bwg-item0 \">          <div class=\"bwg-item1 \">            <div class=\"bwg-item2\">              <img decoding=\"async\" class=\"skip-lazy bwg_standart_thumb_img_0 \"                   data-id=\"53\"                   data-width=\"\"                   data-height=\"\"                   data-src=\"https:\/\/thorame-haute-pont-du-moulin.fr\/wp-content\/uploads\/photo-gallery\/thumb\/pont_du_moulin_affiche_et_recto_flyerr.jpg\"                   src=\"https:\/\/thorame-haute-pont-du-moulin.fr\/wp-content\/uploads\/photo-gallery\/thumb\/pont_du_moulin_affiche_et_recto_flyerr.jpg\"                   alt=\"pont du moulin affiche et recto flyerr\"                   title=\"pont du moulin affiche et recto flyerr\" \/>            <\/div>            <div class=\"\">                                                      <\/div>          <\/div>        <\/div>                        <\/a>              <\/div>          <\/div>    <style>      \/*pagination styles*\/      #bwg_container1_0 #bwg_container2_0 .tablenav-pages_0 {\t\t\t\ttext-align: center;\t\t\t\tfont-size: 12px;\t\t\t\tfont-family: segoe ui;\t\t\t\tfont-weight: bold;\t\t\t\tcolor: #666666;\t\t\t\tmargin: 6px 0 4px;\t\t\t\tdisplay: block;      }      @media only screen and (max-width : 320px) {      #bwg_container1_0 #bwg_container2_0 .displaying-num_0 {     \t display: none;      }      }      #bwg_container1_0 #bwg_container2_0 .displaying-num_0 {\t\t\t\tfont-size: 12px;\t\t\t\tfont-family: segoe ui;\t\t\t\tfont-weight: bold;\t\t\t\tcolor: #666666;\t\t\t\tmargin-right: 10px;\t\t\t\tvertical-align: middle;      }      #bwg_container1_0 #bwg_container2_0 .paging-input_0 {\t\t\t\tfont-size: 12px;\t\t\t\tfont-family: segoe ui;\t\t\t\tfont-weight: bold;\t\t\t\tcolor: #666666;\t\t\t\tvertical-align: middle;      }      #bwg_container1_0 #bwg_container2_0 .tablenav-pages_0 a.disabled,      #bwg_container1_0 #bwg_container2_0 .tablenav-pages_0 a.disabled:hover,      #bwg_container1_0 #bwg_container2_0 .tablenav-pages_0 a.disabled:focus,\t\t\t#bwg_container1_0 #bwg_container2_0 .tablenav-pages_0 input.bwg_current_page {\t\t\t\tcursor: default;\t\t\t\tcolor: rgba(102, 102, 102, 0.5);      }      #bwg_container1_0 #bwg_container2_0 .tablenav-pages_0 a,      #bwg_container1_0 #bwg_container2_0 .tablenav-pages_0 input.bwg_current_page {\t\t\t\tcursor: pointer;\t\t\t\ttext-align: center;\t\t\t\tfont-size: 12px;\t\t\t\tfont-family: segoe ui;\t\t\t\tfont-weight: bold;\t\t\t\tcolor: #666666;\t\t\t\ttext-decoration: none;\t\t\t\tpadding: 3px 6px;\t\t\t\tmargin: 0;\t\t\t\tborder-radius: 0;\t\t\t\tborder-style: solid;\t\t\t\tborder-width: 1px;\t\t\t\tborder-color: #E3E3E3;\t\t\t\t\t\t\t\tbackground-color: rgba(255, 255, 255, 1.00);\t\t\t\tbox-shadow: 0;\t\t\t\ttransition: all 0.3s ease 0s;-webkit-transition: all 0.3s ease 0s;      }      <\/style>      <span class=\"bwg_nav_cont_0\">              <div class=\"tablenav-pages_0\">                  <\/div>                <input type=\"hidden\" id=\"page_number_0\" name=\"page_number_0\" value=\"1\" \/>      <script type=\"text\/javascript\">        if( jQuery('.bwg_nav_cont_0').length > 1 ) {          jQuery('.bwg_nav_cont_0').first().remove()        }        function spider_page_0(cur, x, y, load_more) {          if (typeof load_more == \"undefined\") {            var load_more = false;          }          if (jQuery(cur).hasClass('disabled')) {            return false;          }          var items_county_0 = 1;          switch (y) {            case 1:              if (x >= items_county_0) {                document.getElementById('page_number_0').value = items_county_0;              }              else {                document.getElementById('page_number_0').value = x + 1;              }              break;            case 2:              document.getElementById('page_number_0').value = items_county_0;              break;            case -1:              if (x == 1) {                document.getElementById('page_number_0').value = 1;              }              else {                document.getElementById('page_number_0').value = x - 1;              }              break;            case -2:              document.getElementById('page_number_0').value = 1;              break;\t\t\t\t\t\tcase 0:              document.getElementById('page_number_0').value = x;              break;            default:              document.getElementById('page_number_0').value = 1;          }          bwg_ajax('gal_front_form_0', '0', 'bwg_thumbnails_0', '0', '', 'gallery', 0, '', '', load_more, '', 1);        }                    jQuery('.first-page-0').on('click', function () {              spider_page_0(this, 1, -2, 'numeric');              return false;            });            jQuery('.prev-page-0').on('click', function () {              spider_page_0(this, 1, -1, 'numeric');              return false;            });            jQuery('.next-page-0').on('click', function () {              spider_page_0(this, 1, 1, 'numeric');              return false;            });            jQuery('.last-page-0').on('click', function () {              spider_page_0(this, 1, 2, 'numeric');              return false;            });        \t\t\t\t\/* Change page on input enter. *\/        function bwg_change_page_0( e, that ) {          if (  e.key == 'Enter' ) {            var to_page = parseInt(jQuery(that).val());            var pages_count = jQuery(that).parents(\".pagination-links\").data(\"pages-count\");            var current_url_param = jQuery(that).attr('data-url-info');            if (to_page > pages_count) {              to_page = 1;            }\t \t\t\t\t\t\t\t\t\t\t\t\tspider_page_0(this, to_page, 0, 'numeric');\t\t\t\t\t\t\treturn false;\t\t\t\t\t\t          }          return true;        }        jQuery('.bwg_load_btn_0').on('click', function () {            spider_page_0(this, 1, 1, true);            return false;        });      <\/script>      <\/span>                <\/div>        <\/form>        <style>          #bwg_container1_0 #bwg_container2_0 #spider_popup_overlay_0 {          background-color: #000000;          opacity: 0.70;          }          <\/style>        <div id=\"bwg_spider_popup_loading_0\" class=\"bwg_spider_popup_loading\"><\/div>        <div id=\"spider_popup_overlay_0\" class=\"spider_popup_overlay\" onclick=\"spider_destroypopup(1000)\"><\/div>        <input type=\"hidden\" id=\"bwg_random_seed_0\" value=\"121563790\">                <\/div>    <\/div>    <script>      if (document.readyState === 'complete') {        if( typeof bwg_main_ready == 'function' ) {          if ( jQuery(\"#bwg_container1_0\").height() ) {            bwg_main_ready(jQuery(\"#bwg_container1_0\"));          }        }      } else {        document.addEventListener('DOMContentLoaded', function() {          if( typeof bwg_main_ready == 'function' ) {            if ( jQuery(\"#bwg_container1_0\").height() ) {             bwg_main_ready(jQuery(\"#bwg_container1_0\"));            }          }        });      }    <\/script>    \n<p>19 juillet 2017 : visite du pont du moulin par la DRAC et par la Soci\u00e9t\u00e9 UNANIME.<\/p>\n<p>Pour les activit\u00e9s r\u00e9centes , revenez \u00e0 la page <strong><a href=\"\/index.php\/dernieres-nouvelles\/\" target=\"_self\">Derni\u00e8res nouvelles<\/a><\/strong>.<br \/>\nPour les anciennes acitivit\u00e9s, <strong><a href=\"\/index.php\/nos-anciennes-activites\/\" target=\"_self\">Voir nos anciennes activit\u00e9s<\/a><\/strong><\/p>\n<p><strong><a href=\"\/index.php\/denominations\/\" target=\"_self\">D\u00e9nominations<\/a><\/strong><br \/>\n<strong><a href=\"\/index.php\/geographie\/\" target=\"_self\">G\u00e9ographie<\/a><\/strong><br \/>\n<strong><a href=\"\/index.php\/historique\/\" target=\"_self\">Historique<\/a><\/strong><br \/>\n<strong><a href=\"\/index.php\/documents-anciens\/\" target=\"_self\">Cartes postales &#8211; Documents anciens<\/a><\/strong><br \/>\n<strong><a href=\"\/index.php\/construction\/\" target=\"_self\">Construction &#8211; Description<\/a><\/strong><br \/>\n<strong><a href=\"\/index.php\/galerie\/\" target=\"_self\">Galerie artistique<\/a><\/strong><br \/>\n<strong><a href=\"\/index.php\/photos-recentes\/\" target=\"_self\">Photos r\u00e9centes<\/a><\/strong><br \/>\n<strong><a href=\"\/index.php\/autresvues\/\" target=\"_self\">Autres vues<\/a><\/strong><br \/>\n<strong><a href=\"\/index.php\/evenements-recents\/\" target=\"_self\">\u00c9v\u00e9nements r\u00e9cents<\/a><\/strong><br \/>\n<strong><a href=\"\/index.php\/etat-actuel\/\" target=\"_self\">Etat actuel<\/a><\/strong><br \/>\n<strong><a href=\"\/index.php\/etudes-de-sauvegarde\/\" target=\"_self\">Etudes de sauvegarde<\/a><\/strong><br \/>\n<strong><a href=\"\/index.php\/references\/\" target=\"_self\">R\u00e9f\u00e9rences<\/a><\/strong><\/p>\n","protected":false},"excerpt":{"rendered":"<p>Quelques \u00e9v\u00e9nements suivis ou organis\u00e9s par les membres organisateurs de l&rsquo;Association \u00ab\u00a0Pont du Moulin de Thorame Haute\u00a0\u00bb. 4 septembre 2012 : lettre ouverte \u00e0 M. le Maire de Thorame Haute. 27 octobre 2014 : Organisation d&rsquo;une premi\u00e8re visite du Pont du Moulin par la DRAC Novembre 2014 : r\u00e9daction d&rsquo;un projet de restauration pour appel &hellip; <\/p>\n<p class=\"link-more\"><a href=\"https:\/\/thorame-haute-pont-du-moulin.fr\/index.php\/evenements-recents\/\" class=\"more-link\">Continuer la lecture<span class=\"screen-reader-text\"> de &laquo;&nbsp;\u00c9v\u00e9nements r\u00e9cents&nbsp;&raquo;<\/span><\/a><\/p>\n","protected":false},"author":1,"featured_media":0,"parent":0,"menu_order":0,"comment_status":"closed","ping_status":"closed","template":"","meta":{"footnotes":""},"_links":{"self":[{"href":"https:\/\/thorame-haute-pont-du-moulin.fr\/index.php\/wp-json\/wp\/v2\/pages\/138"}],"collection":[{"href":"https:\/\/thorame-haute-pont-du-moulin.fr\/index.php\/wp-json\/wp\/v2\/pages"}],"about":[{"href":"https:\/\/thorame-haute-pont-du-moulin.fr\/index.php\/wp-json\/wp\/v2\/types\/page"}],"author":[{"embeddable":true,"href":"https:\/\/thorame-haute-pont-du-moulin.fr\/index.php\/wp-json\/wp\/v2\/users\/1"}],"replies":[{"embeddable":true,"href":"https:\/\/thorame-haute-pont-du-moulin.fr\/index.php\/wp-json\/wp\/v2\/comments?post=138"}],"version-history":[{"count":17,"href":"https:\/\/thorame-haute-pont-du-moulin.fr\/index.php\/wp-json\/wp\/v2\/pages\/138\/revisions"}],"predecessor-version":[{"id":623,"href":"https:\/\/thorame-haute-pont-du-moulin.fr\/index.php\/wp-json\/wp\/v2\/pages\/138\/revisions\/623"}],"wp:attachment":[{"href":"https:\/\/thorame-haute-pont-du-moulin.fr\/index.php\/wp-json\/wp\/v2\/media?parent=138"}],"curies":[{"name":"wp","href":"https:\/\/api.w.org\/{rel}","templated":true}]}}