{"id":129,"date":"2017-07-12T16:08:17","date_gmt":"2017-07-12T14:08:17","guid":{"rendered":"http:\/\/thorame-haute-pont-du-moulin.fr\/?page_id=129"},"modified":"2019-08-19T22:39:44","modified_gmt":"2019-08-19T20:39:44","slug":"english-version","status":"publish","type":"page","link":"https:\/\/thorame-haute-pont-du-moulin.fr\/index.php\/english-version\/","title":{"rendered":"English version"},"content":{"rendered":"<p>Perhaps have you taken pictures of it, or glimpsed it while passing on the road towards Allos, watched it during a report of the \u00ab\u00a0tour de France\u00a0\u00bb, found by searching on the Internet, &#8230;<br \/>\nIt is part of your heritage! <span title=\"C'est un monument historique !! \">It is a historical monument !!<br \/>\nIt degradates more and more and the community of Thorame-Haute decided to organize its safeguard.<\/span><\/p>\n<p style=\"text-align: center;\"><strong>So do not let him down !<\/strong><\/p>\n<p style=\"text-align: center;\"><strong>Participate in its safeguard !<\/strong><\/p>\n<p>Subscribe by making a donation to the Association&rsquo;s account \u00ab\u00a0Pont du Moulin de Thorame-Haute\u00a0\u00bb.<\/p>\n<p><span title=\"De quelle mani\u00e8re ? \u00a0\u00a0\u00a0\u00a0\">In what way?<\/span><\/p>\n<ul>\n<li><span title=\"en devenant membre de l'Association en payant une cotisation annuelle de 10\u20ac. \u00a0\u00a0\u00a0\u00a0\">By becoming a member of the Association by paying an annual fee of 10 \u20ac.<\/span><\/li>\n<li><span title=\"en versant un don (versements sup\u00e9rieurs \u00e0 la cotisation de 10\u20ac).\">By making a donation (payments above the \u20ac 10 contribution). <\/span><span title=\"Ce don pourra faire, \u00e0 la demande, l\u2019objet d\u2019une attestation pour d\u00e9duction fiscale. \u00a0\u00a0\u00a0\u00a0\">This gift may be subject, on request, to a declaration for tax deduction.<br \/>\n&lt;(Association law 1901 &#8211; Organization of general interest contributing to the development of local heritage.) Gifts deductible from taxes (article 200 and 238bis of the CGI)(waiting for the agreement of the CGI)<\/span><\/li>\n<li><span title=\"en faisant un virement bancaire sur le compte de l'Association : \u00a0\u00a0\u00a0\u00a0\">By making a bank transfer to the account of the Association:<br \/>\n<\/span><span title=\"Banque : La Banque Postale - Marseille \u00a0\u00a0\u00a0\u00a0\">Bank: La Banque Postale &#8211; Marseille<br \/>\n<\/span><span title=\"Titulaire : Pont du Moulin de Thorame Haute \u00a0\u00a0\u00a0\u00a0\">Owner: Pont du Moulin de Thorame Haute<br \/>\n<\/span><span title=\"IBAN : FR84 2004 1010 0826 1564 8K02 926 \u00a0\u00a0\u00a0\u00a0\">IBAN: FR84 2004 1010 0826 1564 8K02 926<br \/>\n<\/span><span title=\"BIC : PSSTFRPPMAR \u00a0\u00a0\u00a0\u00a0\"><span title=\"BIC : PSSTFRPPMAR \u00a0\u00a0\u00a0\u00a0\">BIC: PSSTFRPPMAR<\/span><\/span><\/li>\n<\/ul>\n<p><strong><a href=\"\/docu\/rib.pdf\" target=\"_blank\" rel=\"noopener noreferrer\">Download here the RIB in PDF<\/a><\/strong>.<\/p>\n<ul>\n<li><span title=\"en envoyant un ch\u00e8que libell\u00e9 au nom de l'Association : &quot;pont du moulin de Thorame Haute&quot; \u00e0 la Mairie - 04170 Thorame-Haute.\">By sending a check written on behalf of the Association: \u00ab\u00a0Thorame Haute Pont du Moulin\u00a0\u00bb at the Town Hall &#8211; 04170 Thorame-Haute &#8211; France.<br \/>\n<\/span><\/li>\n<\/ul>\n","protected":false},"excerpt":{"rendered":"<p>Perhaps have you taken pictures of it, or glimpsed it while passing on the road towards Allos, watched it during a report of the \u00ab\u00a0tour de France\u00a0\u00bb, found by searching on the Internet, &#8230; It is part of your heritage! It is a historical monument !! It degradates more and more and the community of &hellip; <\/p>\n<p class=\"link-more\"><a href=\"https:\/\/thorame-haute-pont-du-moulin.fr\/index.php\/english-version\/\" class=\"more-link\">Continuer la lecture<span class=\"screen-reader-text\"> de &laquo;&nbsp;English version&nbsp;&raquo;<\/span><\/a><\/p>\n","protected":false},"author":1,"featured_media":52,"parent":0,"menu_order":0,"comment_status":"closed","ping_status":"closed","template":"","meta":{"footnotes":""},"_links":{"self":[{"href":"https:\/\/thorame-haute-pont-du-moulin.fr\/index.php\/wp-json\/wp\/v2\/pages\/129"}],"collection":[{"href":"https:\/\/thorame-haute-pont-du-moulin.fr\/index.php\/wp-json\/wp\/v2\/pages"}],"about":[{"href":"https:\/\/thorame-haute-pont-du-moulin.fr\/index.php\/wp-json\/wp\/v2\/types\/page"}],"author":[{"embeddable":true,"href":"https:\/\/thorame-haute-pont-du-moulin.fr\/index.php\/wp-json\/wp\/v2\/users\/1"}],"replies":[{"embeddable":true,"href":"https:\/\/thorame-haute-pont-du-moulin.fr\/index.php\/wp-json\/wp\/v2\/comments?post=129"}],"version-history":[{"count":12,"href":"https:\/\/thorame-haute-pont-du-moulin.fr\/index.php\/wp-json\/wp\/v2\/pages\/129\/revisions"}],"predecessor-version":[{"id":584,"href":"https:\/\/thorame-haute-pont-du-moulin.fr\/index.php\/wp-json\/wp\/v2\/pages\/129\/revisions\/584"}],"wp:featuredmedia":[{"embeddable":true,"href":"https:\/\/thorame-haute-pont-du-moulin.fr\/index.php\/wp-json\/wp\/v2\/media\/52"}],"wp:attachment":[{"href":"https:\/\/thorame-haute-pont-du-moulin.fr\/index.php\/wp-json\/wp\/v2\/media?parent=129"}],"curies":[{"name":"wp","href":"https:\/\/api.w.org\/{rel}","templated":true}]}}